{"id":2513,"date":"2022-11-04T13:54:34","date_gmt":"2022-11-04T13:54:34","guid":{"rendered":"https:\/\/www.rohrambulanz.at\/sanacije\/brezizkopna-sanacija-vodnjakov\/"},"modified":"2025-09-12T10:23:49","modified_gmt":"2025-09-12T10:23:49","slug":"brezizkopna-sanacija-vodnjakov","status":"publish","type":"page","link":"https:\/\/www.rohrambulanz.at\/sl\/sanacije\/brezizkopna-sanacija-vodnjakov\/","title":{"rendered":"Brezizkopna sanacija vodnjakov"},"content":{"rendered":"\n\t<section class=\"section\" id=\"section_15911563\">\n\t\t<div class=\"bg section-bg fill bg-fill  bg-loaded\" >\n\n\t\t\t\n\t\t\t\n\t\t\t\n\n\t\t<\/div>\n\n\t\t\n\n\t\t<div class=\"section-content relative\">\n\t\t\t\n\n<div class=\"row row-collapse row-full-width\"  id=\"row-1989478878\">\n\n\n\t<div id=\"col-578717889\" class=\"col small-12 large-12\"  >\n\t\t\t\t<div class=\"col-inner\"  >\n\t\t\t\n\t\t\t\n\n<div class=\"slider-wrapper relative\" id=\"slider-1229254949\" >\n    <div class=\"slider slider-type-fade slider-nav-circle slider-nav-large slider-nav-light slider-style-normal\"\n        data-flickity-options='{\n            \"cellAlign\": \"center\",\n            \"imagesLoaded\": true,\n            \"lazyLoad\": 1,\n            \"freeScroll\": false,\n            \"wrapAround\": true,\n            \"autoPlay\": false,\n            \"pauseAutoPlayOnHover\" : false,\n            \"prevNextButtons\": false,\n            \"contain\" : true,\n            \"adaptiveHeight\" : true,\n            \"dragThreshold\" : 10,\n            \"percentPosition\": true,\n            \"pageDots\": false,\n            \"rightToLeft\": false,\n            \"draggable\": true,\n            \"selectedAttraction\": 0.1,\n            \"parallax\" : 0,\n            \"friction\": 0.6        }'\n        >\n        \n\n\n  <div class=\"banner has-hover is-full-height has-slide-effect slide-zoom-in-fast\" id=\"banner-195077576\">\n          <div class=\"banner-inner fill\">\n        <div class=\"banner-bg fill\" >\n            <div class=\"bg fill bg-fill \"><\/div>\n                        <div class=\"overlay\"><\/div>            \n                    <\/div>\n\t\t\n        <div class=\"banner-layers container\">\n            <div class=\"fill banner-link\"><\/div>            \n\n   <div id=\"text-box-1612085758\" class=\"text-box banner-layer x50 md-x50 lg-x50 y50 md-y50 lg-y50 res-text\">\n                                <div class=\"text-box-content text dark text-shadow-2\">\n              \n              <div class=\"text-inner text-center\">\n                  \n\n<h1>Grabungslose Brunnensanierung<\/h1>\n\n              <\/div>\n           <\/div>\n                            \n<style>\n#text-box-1612085758 {\n  width: 60%;\n}\n#text-box-1612085758 .text-box-content {\n  font-size: 100%;\n}\n<\/style>\n    <\/div>\n \n\n        <\/div>\n      <\/div>\n\n            \n<style>\n#banner-195077576 {\n  padding-top: 250px;\n}\n#banner-195077576 .bg.bg-loaded {\n  background-image: url(https:\/\/www.rohrambulanz.at\/wp-content\/uploads\/2022\/11\/IMG_4347.jpg);\n}\n#banner-195077576 .overlay {\n  background-color: rgb(255, 255, 255);\n}\n#banner-195077576 .bg {\n  background-position: 3% 41%;\n}\n#banner-195077576 .ux-shape-divider--top svg {\n  height: 150px;\n  --divider-top-width: 100%;\n}\n#banner-195077576 .ux-shape-divider--bottom svg {\n  height: 150px;\n  --divider-width: 100%;\n}\n@media (min-width:550px) {\n  #banner-195077576 {\n    padding-top: 100%;\n  }\n}\n<\/style>\n  <\/div>\n\n\n\n  <div class=\"banner has-hover is-full-height has-slide-effect slide-zoom-in-fast\" id=\"banner-1295068226\">\n          <div class=\"banner-inner fill\">\n        <div class=\"banner-bg fill\" >\n            <div class=\"bg fill bg-fill \"><\/div>\n                        <div class=\"overlay\"><\/div>            \n                    <\/div>\n\t\t\n        <div class=\"banner-layers container\">\n            <div class=\"fill banner-link\"><\/div>            \n\n   <div id=\"text-box-784481313\" class=\"text-box banner-layer x50 md-x50 lg-x50 y50 md-y50 lg-y50 res-text\">\n                                <div class=\"text-box-content text dark text-shadow-2\">\n              \n              <div class=\"text-inner text-center\">\n                  \n\n<h1>Grabungslose Brunnensanierung<\/h1>\n\n              <\/div>\n           <\/div>\n                            \n<style>\n#text-box-784481313 {\n  width: 60%;\n}\n#text-box-784481313 .text-box-content {\n  font-size: 100%;\n}\n<\/style>\n    <\/div>\n \n\n        <\/div>\n      <\/div>\n\n            \n<style>\n#banner-1295068226 {\n  padding-top: 250px;\n}\n#banner-1295068226 .bg.bg-loaded {\n  background-image: url(https:\/\/www.rohrambulanz.at\/wp-content\/uploads\/2024\/04\/WhatsApp-Image-2024-04-18-at-16.37.21.jpg);\n}\n#banner-1295068226 .overlay {\n  background-color: rgb(255, 255, 255);\n}\n#banner-1295068226 .bg {\n  background-position: 3% 41%;\n}\n#banner-1295068226 .ux-shape-divider--top svg {\n  height: 150px;\n  --divider-top-width: 100%;\n}\n#banner-1295068226 .ux-shape-divider--bottom svg {\n  height: 150px;\n  --divider-width: 100%;\n}\n@media (min-width:550px) {\n  #banner-1295068226 {\n    padding-top: 100%;\n  }\n}\n<\/style>\n  <\/div>\n\n\n\n     <\/div>\n\n     <div class=\"loading-spin dark large centered\"><\/div>\n\n     \t<\/div>\n\n\n\n\t\t<\/div>\n\t\t\t\t\t<\/div>\n\n\t\n\n<\/div>\n\n\t\t<\/div>\n\n\t\t\n<style>\n#section_15911563 {\n  padding-top: 0px;\n  padding-bottom: 0px;\n}\n#section_15911563 .ux-shape-divider--top svg {\n  height: 150px;\n  --divider-top-width: 100%;\n}\n#section_15911563 .ux-shape-divider--bottom svg {\n  height: 150px;\n  --divider-width: 100%;\n}\n<\/style>\n\t<\/section>\n\t\n\t<section class=\"section\" id=\"section_824005112\">\n\t\t<div class=\"bg section-bg fill bg-fill  bg-loaded\" >\n\n\t\t\t\n\t\t\t\n\t\t\t\n\n\t\t<\/div>\n\n\t\t\n\n\t\t<div class=\"section-content relative\">\n\t\t\t\n\n<div class=\"row align-middle\"  id=\"row-35865419\">\n\n\n\t<div id=\"col-1785513175\" class=\"col medium-6 small-12 large-6\"  >\n\t\t\t\t<div class=\"col-inner\"  >\n\t\t\t\n\t\t\t\n\n\n  <div class=\"banner has-hover custom-image-border-radius\" id=\"banner-402154552\">\n          <div class=\"banner-inner fill\">\n        <div class=\"banner-bg fill\" >\n            <div class=\"bg fill bg-fill \"><\/div>\n                                    \n                    <\/div>\n\t\t\n        <div class=\"banner-layers container\">\n            <div class=\"fill banner-link\"><\/div>            \n\n   <div id=\"text-box-1355234764\" class=\"text-box banner-layer x50 md-x50 lg-x50 y50 md-y50 lg-y50 res-text\">\n                                <div class=\"text-box-content text dark\">\n              \n              <div class=\"text-inner text-center\">\n                  \n\n<div class=\"video-button-wrapper\" ><a href=\"https:\/\/www.rohrambulanz.at\/media\/va4.mp4\" class=\"button open-video icon circle is-outline is-xlarge\"><i class=\"icon-play\" style=\"font-size:1.5em;\"><\/i><\/a><\/div>\n\n\n              <\/div>\n           <\/div>\n                            \n<style>\n#text-box-1355234764 {\n  width: 60%;\n}\n#text-box-1355234764 .text-box-content {\n  font-size: 100%;\n}\n<\/style>\n    <\/div>\n \n\n        <\/div>\n      <\/div>\n\n            \n<style>\n#banner-402154552 {\n  padding-top: 500px;\n  background-color: rgb(255, 255, 255);\n}\n#banner-402154552 .bg.bg-loaded {\n  background-image: url(https:\/\/www.rohrambulanz.at\/wp-content\/uploads\/2022\/11\/IMG_9748.jpeg);\n}\n#banner-402154552 .bg {\n  background-position: 44% 13%;\n}\n#banner-402154552 .ux-shape-divider--top svg {\n  height: 150px;\n  --divider-top-width: 100%;\n}\n#banner-402154552 .ux-shape-divider--bottom svg {\n  height: 150px;\n  --divider-width: 100%;\n}\n<\/style>\n  <\/div>\n\n\n\n\t\t<\/div>\n\t\t\t\t\n<style>\n#col-1785513175 > .col-inner {\n  margin: 0px 0px 0px 1px;\n}\n@media (min-width:550px) {\n  #col-1785513175 > .col-inner {\n    margin: 0px 0px 0px -15px;\n  }\n}\n<\/style>\n\t<\/div>\n\n\t\n\n\t<div id=\"col-1426066109\" class=\"col medium-6 small-12 large-6\"  >\n\t\t\t\t<div class=\"col-inner\"  >\n\t\t\t\n\t\t\t\n\n<p>Durch unseren selbstgebauten Saugbagger ist es uns m\u00f6glich jeden Brunnen bis 18 Meter zu entleeren, reinigen und zu sanieren. Egal ob Schlamm, Sandablagerungen, Wurzeleinw\u00fcchse oder sonstige Hindernisse. Wir entfernen diese ohne Probleme.<br \/>F\u00fchrt Ihr Brunnen zu wenig Wasser?<br \/>Mit speziellen Bohrlanzen ist es uns m\u00f6glich den Untergrund Ihres Brunnens auszuwaschen.<br \/>Brunnenanlagen vertiefen:<br \/>Problemlos k\u00f6nnen wir bei Ihrem Brunnen auch die Betonringe -Brunnb\u00fcchsen vertiefen &#8211; tiefersaugen ,<br \/>oder durch einsetzen von einem Rohr mit kleineren Durchmesser ihre Brunnenanlage erweitern und das Volumen vergr\u00f6\u00dfern.<br \/>Problemlos k\u00f6nnen wir durch das Einsetzen von einem Rohr mit kleinerem Durchmesser Ihre Brunnenanlage erweitern und das Volumen vergr\u00f6\u00dfern. Eine andere M\u00f6glichkeit zum Vertiefen ihres Brunnens bietet Tierfersaugen der Betonringe bzw. das Vertiefen der Brunnb\u00fcchsen.<br \/>Im Zuge der Saugarbeiten k\u00f6nnen wir ebenso die Zulaufmenge Ihres Brunnens bestimmen. Dies ist fast gleichzusetzen mit einem Pumpversuch.<\/p>\n\n\t\t<\/div>\n\t\t\t\t\n<style>\n#col-1426066109 > .col-inner {\n  padding: 0px 20px 0px 20px;\n}\n<\/style>\n\t<\/div>\n\n\t\n\n<\/div>\n\n\t\t<\/div>\n\n\t\t\n<style>\n#section_824005112 {\n  padding-top: 30px;\n  padding-bottom: 30px;\n}\n#section_824005112 .ux-shape-divider--top svg {\n  height: 150px;\n  --divider-top-width: 100%;\n}\n#section_824005112 .ux-shape-divider--bottom svg {\n  height: 150px;\n  --divider-width: 100%;\n}\n<\/style>\n\t<\/section>\n\t\n\t<section class=\"section\" id=\"section_1873236599\">\n\t\t<div class=\"bg section-bg fill bg-fill  bg-loaded\" >\n\n\t\t\t\n\t\t\t\n\t\t\t\n\n\t\t<\/div>\n\n\t\t\n\n\t\t<div class=\"section-content relative\">\n\t\t\t\n\n<div class=\"row align-middle\"  id=\"row-731352374\">\n\n\n\t<div id=\"col-1395142073\" class=\"col medium-6 small-12 large-6\"  >\n\t\t\t\t<div class=\"col-inner\"  >\n\t\t\t\n\t\t\t\n\n<p>Bei gemauerten oder mit Steinen ausgelegten Brunnenanlagen werden besondere Vorkehrungen getroffen, um eine schonende und zerst\u00f6rungsfreie Entleerung und Reinigung zu gew\u00e4hrleisten.<br \/>Vorteile ergeben sich mit unseren Sonderfahrzeugen!<br \/>Variabel Volumina von kleinen 7 Tonner mit 8000 Liter bis 29 Tonner mit 17000 Liter<br \/>Hydraulische Saugarme \u2013 Saugr\u00fcssel und Schlauchf\u00fchrungen Tiefsaugen bis 30 Meter von DN 80 bis 120mm weitere Saugschl\u00e4uche von DN 80-110 bis 100 Laufmeter am Fahrzeug<br \/>Schnelle Auf- und Abr\u00fcstzeiten<br \/>Tiefsaugeirichtungen \/ pneumatische Zugabe von Luft zu Erh\u00f6hung von Saugtiefen<\/p>\n\n\t\t<\/div>\n\t\t\t\t\n<style>\n#col-1395142073 > .col-inner {\n  padding: 0px 20px 0px 20px;\n}\n<\/style>\n\t<\/div>\n\n\t\n\n\t<div id=\"col-2107718736\" class=\"col medium-6 small-12 large-6 small-col-first\"  >\n\t\t\t\t<div class=\"col-inner\"  >\n\t\t\t\n\t\t\t\n\n<div class=\"row row-collapse\"  id=\"row-341978349\">\n\n\n\t<div id=\"col-2108901303\" class=\"col small-12 large-12\"  >\n\t\t\t\t<div class=\"col-inner\"  >\n\t\t\t\n\t\t\t\n\n\n  <div class=\"banner has-hover custom-image-border-radius\" id=\"banner-1093804497\">\n          <div class=\"banner-inner fill\">\n        <div class=\"banner-bg fill\" >\n            <div class=\"bg fill bg-fill \"><\/div>\n                                    \n                    <\/div>\n\t\t\n        <div class=\"banner-layers container\">\n            <div class=\"fill banner-link\"><\/div>            \n\n   <div id=\"text-box-1898054690\" class=\"text-box banner-layer x50 md-x50 lg-x50 y50 md-y50 lg-y50 res-text\">\n                                <div class=\"text-box-content text dark\">\n              \n              <div class=\"text-inner text-center\">\n                  \n\n\t<div class=\"img has-hover x md-x lg-x y md-y lg-y\" id=\"image_2128050319\">\n\t\t\t\t\t\t\t\t<div class=\"img-inner dark\" >\n\t\t\t\t\t\t\t\t\t\n\t\t\t\t\t<\/div>\n\t\t\t\t\t\t\t\t\n<style>\n#image_2128050319 {\n  width: 60%;\n}\n<\/style>\n\t<\/div>\n\t\n\n\n              <\/div>\n           <\/div>\n                            \n<style>\n#text-box-1898054690 {\n  width: 60%;\n}\n#text-box-1898054690 .text-box-content {\n  font-size: 100%;\n}\n<\/style>\n    <\/div>\n \n\n        <\/div>\n      <\/div>\n\n            \n<style>\n#banner-1093804497 {\n  padding-top: 500px;\n  background-color: rgb(255, 255, 255);\n}\n#banner-1093804497 .bg.bg-loaded {\n  background-image: url(https:\/\/www.rohrambulanz.at\/wp-content\/uploads\/2022\/11\/IMG_9747.jpeg);\n}\n#banner-1093804497 .ux-shape-divider--top svg {\n  height: 150px;\n  --divider-top-width: 100%;\n}\n#banner-1093804497 .ux-shape-divider--bottom svg {\n  height: 150px;\n  --divider-width: 100%;\n}\n<\/style>\n  <\/div>\n\n\n\n\t\t<\/div>\n\t\t\t\t\n<style>\n#col-2108901303 > .col-inner {\n  margin: 0px -15px 0px 0px;\n}\n<\/style>\n\t<\/div>\n\n\t\n\n<\/div>\n\n\t\t<\/div>\n\t\t\t\t\t<\/div>\n\n\t\n\n<\/div>\n\n\t\t<\/div>\n\n\t\t\n<style>\n#section_1873236599 {\n  padding-top: 30px;\n  padding-bottom: 30px;\n}\n#section_1873236599 .ux-shape-divider--top svg {\n  height: 150px;\n  --divider-top-width: 100%;\n}\n#section_1873236599 .ux-shape-divider--bottom svg {\n  height: 150px;\n  --divider-width: 100%;\n}\n<\/style>\n\t<\/section>\n\t\n\t<section class=\"section\" id=\"section_897831992\">\n\t\t<div class=\"bg section-bg fill bg-fill  bg-loaded\" >\n\n\t\t\t\n\t\t\t\n\t\t\t\n\n\t\t<\/div>\n\n\t\t\n\n\t\t<div class=\"section-content relative\">\n\t\t\t\n\n<div class=\"row\"  id=\"row-1981763801\">\n\n\n\t<div id=\"col-1178637031\" class=\"col small-12 large-12\"  >\n\t\t\t\t<div class=\"col-inner\"  >\n\t\t\t\n\t\t\t\n\n<div class=\"row\"  id=\"row-1895624202\">\n\n\n\t<div id=\"col-589056675\" class=\"col medium-3 small-6 large-3\"  >\n\t\t\t\t<div class=\"col-inner\"  >\n\t\t\t\n\t\t\t\n\n\t<div class=\"img has-hover custom-image-border-radius x md-x lg-x y md-y lg-y\" id=\"image_1712625032\">\n\t\t\t\t\t\t\t\t<div class=\"img-inner image-cover dark\" style=\"padding-top:400px;\">\n\t\t\t<img loading=\"lazy\" decoding=\"async\" width=\"972\" height=\"729\" src=\"https:\/\/www.rohrambulanz.at\/wp-content\/uploads\/2022\/11\/image004.jpeg\" class=\"attachment-original size-original\" alt=\"\" srcset=\"https:\/\/www.rohrambulanz.at\/wp-content\/uploads\/2022\/11\/image004.jpeg 972w, https:\/\/www.rohrambulanz.at\/wp-content\/uploads\/2022\/11\/image004-300x225.jpeg 300w, https:\/\/www.rohrambulanz.at\/wp-content\/uploads\/2022\/11\/image004-768x576.jpeg 768w\" sizes=\"(max-width: 972px) 100vw, 972px\" \/>\t\t\t\t\t\t\n\t\t\t\t\t<\/div>\n\t\t\t\t\t\t\t\t\n<style>\n#image_1712625032 {\n  width: 100%;\n}\n<\/style>\n\t<\/div>\n\t\n\n\n\t\t<\/div>\n\t\t\t\t\t<\/div>\n\n\t\n\n\t<div id=\"col-7045474\" class=\"col medium-3 small-6 large-3\"  >\n\t\t\t\t<div class=\"col-inner\"  >\n\t\t\t\n\t\t\t\n\n\t<div class=\"img has-hover custom-image-border-radius x md-x lg-x y md-y lg-y\" id=\"image_1946819705\">\n\t\t\t\t\t\t\t\t<div class=\"img-inner image-cover dark\" style=\"padding-top:400px;\">\n\t\t\t<img loading=\"lazy\" decoding=\"async\" width=\"1247\" height=\"953\" src=\"https:\/\/www.rohrambulanz.at\/wp-content\/uploads\/2022\/11\/image003.jpeg\" class=\"attachment-original size-original\" alt=\"\" srcset=\"https:\/\/www.rohrambulanz.at\/wp-content\/uploads\/2022\/11\/image003.jpeg 1247w, https:\/\/www.rohrambulanz.at\/wp-content\/uploads\/2022\/11\/image003-300x229.jpeg 300w, https:\/\/www.rohrambulanz.at\/wp-content\/uploads\/2022\/11\/image003-1024x783.jpeg 1024w, https:\/\/www.rohrambulanz.at\/wp-content\/uploads\/2022\/11\/image003-768x587.jpeg 768w\" sizes=\"(max-width: 1247px) 100vw, 1247px\" \/>\t\t\t\t\t\t\n\t\t\t\t\t<\/div>\n\t\t\t\t\t\t\t\t\n<style>\n#image_1946819705 {\n  width: 100%;\n}\n<\/style>\n\t<\/div>\n\t\n\n\n\t\t<\/div>\n\t\t\t\t\t<\/div>\n\n\t\n\n\t<div id=\"col-1841816366\" class=\"col medium-3 small-6 large-3\"  >\n\t\t\t\t<div class=\"col-inner\"  >\n\t\t\t\n\t\t\t\n\n\t<div class=\"img has-hover custom-image-border-radius x md-x lg-x y md-y lg-y\" id=\"image_1538218828\">\n\t\t\t\t\t\t\t\t<div class=\"img-inner image-cover dark\" style=\"padding-top:400px;\">\n\t\t\t<img loading=\"lazy\" decoding=\"async\" width=\"972\" height=\"715\" src=\"https:\/\/www.rohrambulanz.at\/wp-content\/uploads\/2022\/11\/image002.jpeg\" class=\"attachment-original size-original\" alt=\"\" srcset=\"https:\/\/www.rohrambulanz.at\/wp-content\/uploads\/2022\/11\/image002.jpeg 972w, https:\/\/www.rohrambulanz.at\/wp-content\/uploads\/2022\/11\/image002-300x221.jpeg 300w, https:\/\/www.rohrambulanz.at\/wp-content\/uploads\/2022\/11\/image002-768x565.jpeg 768w\" sizes=\"(max-width: 972px) 100vw, 972px\" \/>\t\t\t\t\t\t\n\t\t\t\t\t<\/div>\n\t\t\t\t\t\t\t\t\n<style>\n#image_1538218828 {\n  width: 100%;\n}\n<\/style>\n\t<\/div>\n\t\n\n\n\t\t<\/div>\n\t\t\t\t\t<\/div>\n\n\t\n\n\t<div id=\"col-930886342\" class=\"col medium-3 small-6 large-3\"  >\n\t\t\t\t<div class=\"col-inner\"  >\n\t\t\t\n\t\t\t\n\n\t<div class=\"img has-hover custom-image-border-radius x md-x lg-x y md-y lg-y\" id=\"image_662974488\">\n\t\t\t\t\t\t\t\t<div class=\"img-inner image-cover dark\" style=\"padding-top:400px;\">\n\t\t\t<img loading=\"lazy\" decoding=\"async\" width=\"1280\" height=\"960\" src=\"https:\/\/www.rohrambulanz.at\/wp-content\/uploads\/2022\/11\/image005.jpeg\" class=\"attachment-original size-original\" alt=\"\" srcset=\"https:\/\/www.rohrambulanz.at\/wp-content\/uploads\/2022\/11\/image005.jpeg 1280w, https:\/\/www.rohrambulanz.at\/wp-content\/uploads\/2022\/11\/image005-300x225.jpeg 300w, https:\/\/www.rohrambulanz.at\/wp-content\/uploads\/2022\/11\/image005-1024x768.jpeg 1024w, https:\/\/www.rohrambulanz.at\/wp-content\/uploads\/2022\/11\/image005-768x576.jpeg 768w\" sizes=\"(max-width: 1280px) 100vw, 1280px\" \/>\t\t\t\t\t\t\n\t\t\t\t\t<\/div>\n\t\t\t\t\t\t\t\t\n<style>\n#image_662974488 {\n  width: 100%;\n}\n<\/style>\n\t<\/div>\n\t\n\n\n\t\t<\/div>\n\t\t\t\t\t<\/div>\n\n\t\n\n<\/div>\n\n\t\t<\/div>\n\t\t\t\t\t<\/div>\n\n\t\n\n<\/div>\n\n\t\t<\/div>\n\n\t\t\n<style>\n#section_897831992 {\n  padding-top: 30px;\n  padding-bottom: 30px;\n  background-color: rgb(255, 255, 255);\n}\n#section_897831992 .ux-shape-divider--top svg {\n  height: 150px;\n  --divider-top-width: 100%;\n}\n#section_897831992 .ux-shape-divider--bottom svg {\n  height: 150px;\n  --divider-width: 100%;\n}\n<\/style>\n\t<\/section>\n\t\n\n","protected":false},"excerpt":{"rendered":"","protected":false},"author":1,"featured_media":0,"parent":2499,"menu_order":0,"comment_status":"closed","ping_status":"closed","template":"","meta":{"footnotes":""},"yoast_head":"<!-- This site is optimized with the Yoast SEO plugin v22.4 - https:\/\/yoast.com\/wordpress\/plugins\/seo\/ -->\n<title>Brezizkopna sanacija vodnjakov - Koller Kanalr\u00e4umung GmbH<\/title>\n<meta name=\"robots\" content=\"index, follow, max-snippet:-1, max-image-preview:large, max-video-preview:-1\" \/>\n<link rel=\"canonical\" href=\"https:\/\/www.rohrambulanz.at\/sl\/sanacije\/brezizkopna-sanacija-vodnjakov\/\" \/>\n<meta property=\"og:locale\" content=\"sl_SI\" \/>\n<meta property=\"og:type\" content=\"article\" \/>\n<meta property=\"og:title\" content=\"Brezizkopna sanacija vodnjakov - Koller Kanalr\u00e4umung GmbH\" \/>\n<meta property=\"og:url\" content=\"https:\/\/www.rohrambulanz.at\/sl\/sanacije\/brezizkopna-sanacija-vodnjakov\/\" \/>\n<meta property=\"og:site_name\" content=\"Koller Kanalr\u00e4umung GmbH\" \/>\n<meta property=\"article:modified_time\" content=\"2025-09-12T10:23:49+00:00\" \/>\n<meta name=\"twitter:card\" content=\"summary_large_image\" \/>\n<meta name=\"twitter:label1\" content=\"Est. reading time\" \/>\n\t<meta name=\"twitter:data1\" content=\"3 minute\" \/>\n<script type=\"application\/ld+json\" class=\"yoast-schema-graph\">{\"@context\":\"https:\/\/schema.org\",\"@graph\":[{\"@type\":\"WebPage\",\"@id\":\"https:\/\/www.rohrambulanz.at\/sl\/sanacije\/brezizkopna-sanacija-vodnjakov\/\",\"url\":\"https:\/\/www.rohrambulanz.at\/sl\/sanacije\/brezizkopna-sanacija-vodnjakov\/\",\"name\":\"Brezizkopna sanacija vodnjakov - Koller Kanalr\u00e4umung GmbH\",\"isPartOf\":{\"@id\":\"https:\/\/www.rohrambulanz.at\/#website\"},\"datePublished\":\"2022-11-04T13:54:34+00:00\",\"dateModified\":\"2025-09-12T10:23:49+00:00\",\"breadcrumb\":{\"@id\":\"https:\/\/www.rohrambulanz.at\/sl\/sanacije\/brezizkopna-sanacija-vodnjakov\/#breadcrumb\"},\"inLanguage\":\"sl-SI\",\"potentialAction\":[{\"@type\":\"ReadAction\",\"target\":[\"https:\/\/www.rohrambulanz.at\/sl\/sanacije\/brezizkopna-sanacija-vodnjakov\/\"]}]},{\"@type\":\"BreadcrumbList\",\"@id\":\"https:\/\/www.rohrambulanz.at\/sl\/sanacije\/brezizkopna-sanacija-vodnjakov\/#breadcrumb\",\"itemListElement\":[{\"@type\":\"ListItem\",\"position\":1,\"name\":\"Home\",\"item\":\"https:\/\/www.rohrambulanz.at\/sl\/\"},{\"@type\":\"ListItem\",\"position\":2,\"name\":\"Sanacije\",\"item\":\"https:\/\/www.rohrambulanz.at\/sl\/sanacije\/\"},{\"@type\":\"ListItem\",\"position\":3,\"name\":\"Brezizkopna sanacija vodnjakov\"}]},{\"@type\":\"WebSite\",\"@id\":\"https:\/\/www.rohrambulanz.at\/#website\",\"url\":\"https:\/\/www.rohrambulanz.at\/\",\"name\":\"Koller\",\"description\":\"\",\"potentialAction\":[{\"@type\":\"SearchAction\",\"target\":{\"@type\":\"EntryPoint\",\"urlTemplate\":\"https:\/\/www.rohrambulanz.at\/?s={search_term_string}\"},\"query-input\":\"required name=search_term_string\"}],\"inLanguage\":\"sl-SI\"}]}<\/script>\n<!-- \/ Yoast SEO plugin. -->","yoast_head_json":{"title":"Brezizkopna sanacija vodnjakov - Koller Kanalr\u00e4umung GmbH","robots":{"index":"index","follow":"follow","max-snippet":"max-snippet:-1","max-image-preview":"max-image-preview:large","max-video-preview":"max-video-preview:-1"},"canonical":"https:\/\/www.rohrambulanz.at\/sl\/sanacije\/brezizkopna-sanacija-vodnjakov\/","og_locale":"sl_SI","og_type":"article","og_title":"Brezizkopna sanacija vodnjakov - Koller Kanalr\u00e4umung GmbH","og_url":"https:\/\/www.rohrambulanz.at\/sl\/sanacije\/brezizkopna-sanacija-vodnjakov\/","og_site_name":"Koller Kanalr\u00e4umung GmbH","article_modified_time":"2025-09-12T10:23:49+00:00","twitter_card":"summary_large_image","twitter_misc":{"Est. reading time":"3 minute"},"schema":{"@context":"https:\/\/schema.org","@graph":[{"@type":"WebPage","@id":"https:\/\/www.rohrambulanz.at\/sl\/sanacije\/brezizkopna-sanacija-vodnjakov\/","url":"https:\/\/www.rohrambulanz.at\/sl\/sanacije\/brezizkopna-sanacija-vodnjakov\/","name":"Brezizkopna sanacija vodnjakov - Koller Kanalr\u00e4umung GmbH","isPartOf":{"@id":"https:\/\/www.rohrambulanz.at\/#website"},"datePublished":"2022-11-04T13:54:34+00:00","dateModified":"2025-09-12T10:23:49+00:00","breadcrumb":{"@id":"https:\/\/www.rohrambulanz.at\/sl\/sanacije\/brezizkopna-sanacija-vodnjakov\/#breadcrumb"},"inLanguage":"sl-SI","potentialAction":[{"@type":"ReadAction","target":["https:\/\/www.rohrambulanz.at\/sl\/sanacije\/brezizkopna-sanacija-vodnjakov\/"]}]},{"@type":"BreadcrumbList","@id":"https:\/\/www.rohrambulanz.at\/sl\/sanacije\/brezizkopna-sanacija-vodnjakov\/#breadcrumb","itemListElement":[{"@type":"ListItem","position":1,"name":"Home","item":"https:\/\/www.rohrambulanz.at\/sl\/"},{"@type":"ListItem","position":2,"name":"Sanacije","item":"https:\/\/www.rohrambulanz.at\/sl\/sanacije\/"},{"@type":"ListItem","position":3,"name":"Brezizkopna sanacija vodnjakov"}]},{"@type":"WebSite","@id":"https:\/\/www.rohrambulanz.at\/#website","url":"https:\/\/www.rohrambulanz.at\/","name":"Koller","description":"","potentialAction":[{"@type":"SearchAction","target":{"@type":"EntryPoint","urlTemplate":"https:\/\/www.rohrambulanz.at\/?s={search_term_string}"},"query-input":"required name=search_term_string"}],"inLanguage":"sl-SI"}]}},"_links":{"self":[{"href":"https:\/\/www.rohrambulanz.at\/sl\/wp-json\/wp\/v2\/pages\/2513"}],"collection":[{"href":"https:\/\/www.rohrambulanz.at\/sl\/wp-json\/wp\/v2\/pages"}],"about":[{"href":"https:\/\/www.rohrambulanz.at\/sl\/wp-json\/wp\/v2\/types\/page"}],"author":[{"embeddable":true,"href":"https:\/\/www.rohrambulanz.at\/sl\/wp-json\/wp\/v2\/users\/1"}],"replies":[{"embeddable":true,"href":"https:\/\/www.rohrambulanz.at\/sl\/wp-json\/wp\/v2\/comments?post=2513"}],"version-history":[{"count":6,"href":"https:\/\/www.rohrambulanz.at\/sl\/wp-json\/wp\/v2\/pages\/2513\/revisions"}],"predecessor-version":[{"id":2649,"href":"https:\/\/www.rohrambulanz.at\/sl\/wp-json\/wp\/v2\/pages\/2513\/revisions\/2649"}],"up":[{"embeddable":true,"href":"https:\/\/www.rohrambulanz.at\/sl\/wp-json\/wp\/v2\/pages\/2499"}],"wp:attachment":[{"href":"https:\/\/www.rohrambulanz.at\/sl\/wp-json\/wp\/v2\/media?parent=2513"}],"curies":[{"name":"wp","href":"https:\/\/api.w.org\/{rel}","templated":true}]}}