{"id":2523,"date":"2021-04-01T06:43:18","date_gmt":"2021-04-01T06:43:18","guid":{"rendered":"https:\/\/www.rohrambulanz.at\/impresum\/"},"modified":"2025-09-11T07:32:11","modified_gmt":"2025-09-11T07:32:11","slug":"impresum","status":"publish","type":"page","link":"https:\/\/www.rohrambulanz.at\/sl\/impresum\/","title":{"rendered":"Impresum"},"content":{"rendered":"\n\t<section class=\"section\" id=\"section_1047619688\">\n\t\t<div class=\"bg section-bg fill bg-fill  bg-loaded\" >\n\n\t\t\t\n\t\t\t\n\t\t\t\n\n\t\t<\/div>\n\n\t\t\n\n\t\t<div class=\"section-content relative\">\n\t\t\t\n\n<div class=\"row\"  id=\"row-262762492\">\n\n\n\t<div id=\"col-887776175\" class=\"col small-12 large-12\"  >\n\t\t\t\t<div class=\"col-inner\"  >\n\t\t\t\n\t\t\t\n\n<h1>Impresum<\/h1>\n<p>Podatki v skladu z obveznostjo obve\u0161\u010danja po 5. \u010dlenu Zakona o elektronskem poslovanju, 14. \u010dlenu Zakona o gospodarskih dru\u017ebah, 63. \u010dlenu Zakona o obrtni dejavnosti in obveznostjo razkritja po 25. \u010dlenu Zakona o medijih.<\/p>\n<p>Koller Kanalr\u00e4umung GmbH<\/p>\n<p>Lerchenweg 20, 9170 Ferlach<\/p>\n<p><strong>Predmet poslovanja:<\/strong> \u010ci\u0161\u010denje kanalizacije, vzdr\u017eevanje separatorjev in \u010distilnih naprav,<br><strong>ID za DDV:<\/strong> ATU61565808<br><strong>GLN:<\/strong> 9110016779737<br><strong>GISA:<\/strong> 11018612 (\u010di\u0161\u010denje kanalizacije, vzdr\u017eevanje separatorjev in \u010distilnih naprav), 11090175 (osebni ponudnik storitev, najem premi\u010dnin), <strong>Mati\u010dna \u0161tevilka podjetja:<\/strong> 260717h<br><strong>Sodno registrsko sodi\u0161\u010de:<\/strong> Landes + Handelsgericht Klagenfurt<br><strong>Sede\u017e podjetja:<\/strong> 9170 Ferlach<\/p>\n<p><strong>Tel.:<\/strong> +43 (0)650 2511 600<br><strong>E-po\u0161ta: <\/strong>info@rohrambulanz.at<\/p>\n<p><strong>\u010clanstvo:<\/strong> WKO, FG Gospodarjenje z odpadki in viri \/ FG Osebni ponudniki storitev<br><strong>Poklicno pravo:<\/strong> Zakon o obrtni dejavnosti: www.ris.bka.gv.at<\/p>\n<p><strong>Nadzorni organ\/Obrtni organ:<\/strong> Bezirkshauptmannschaft Klagenfurt Land<br><strong>Naziv poklica:<\/strong> \u010cistilec kanalizacije, vzdr\u017eevanje separatorjev in \u010distilnih naprav, leasing podjetje, najem zrakoplovov<br><strong>Dr\u017eava izdaje:<\/strong> Avstrija<\/p>\n<p><strong>Direktor<\/strong><br>Martin Koller<\/p>\n<p>V skladu z Uredbo o spletnem re\u0161evanju sporov v potro\u0161ni\u0161kih zadevah (Uredba OSR) vas \u017eelimo obvestiti o platformi za spletno re\u0161evanje sporov (platforma OSR).<\/p>\n<p>Potro\u0161niki imajo mo\u017enost prito\u017ebe nasloviti na platformo za spletno re\u0161evanje sporov Evropske komisije na https:\/\/ec.europa.eu\/consumers\/odr\/main\/index.cfm?event=main.home2.show&amp;lng=DE. Potrebne kontaktne podatke najdete zgoraj v na\u0161em impresumu. <\/p>\n<p>Vendar vas \u017eelimo opozoriti, da nismo pripravljeni ali dol\u017eni sodelovati v postopkih re\u0161evanja sporov pred arbitra\u017enim organom za potro\u0161nike.<\/p>\n<p>ODGOVORNOST ZA VSEBINO TEGA SPLETNEGA MESTA<\/p>\n<p>Vsebino tega spletnega mesta nenehno razvijamo in si prizadevamo zagotoviti pravilne in posodobljene informacije. \u017dal ne moremo prevzeti odgovornosti za pravilnost vseh vsebin na tem spletnem mestu, \u0161e posebej za tiste, ki so jih zagotovile tretje osebe. Kot ponudnik storitev nismo dol\u017eni nadzorovati informacij, ki ste jih posredovali ali shranili, ali raziskovati okoli\u0161\u010din, ki bi kazale na nezakonito dejavnost.  <\/p>\n<p>Na\u0161e obveznosti glede odstranitve informacij ali blokiranja uporabe informacij v skladu s splo\u0161nimi zakoni na podlagi sodnih ali upravnih odredb ostanejo nedotaknjene tudi v primeru na\u0161e neodgovornosti.<\/p>\n<p>\u010ce opazite problemati\u010dne ali nezakonite vsebine, vas prosimo, da nas nemudoma kontaktirate, da bomo lahko odstranili nezakonite vsebine. Kontaktne podatke najdete v impresumu. <\/p>\n<p>ODGOVORNOST ZA POVEZAVE NA TEM SPLETNEM MESTU<\/p>\n<p>Na\u0161e spletno mesto vsebuje povezave do drugih spletnih mest, za katerih vsebino nismo odgovorni. Za povezane spletne strani ne prevzemamo odgovornosti, saj nismo imeli in nimamo nobenega vedenja o nezakonitih dejavnostih, tak\u0161ne nezakonitosti nam doslej tudi niso bile opa\u017eene in povezave bi takoj odstranili, \u010de bi nam bile nezakonitosti znane. <\/p>\n<p>\u010ce opazite nezakonite povezave na na\u0161em spletnem mestu, vas prosimo, da nas kontaktirate. Kontaktne podatke najdete v impresumu. <\/p>\n<p>OPOMBA O AVTORSKIH PRAVICAH<\/p>\n<p>Vsa vsebina tega spletnega mesta (fotografije, logotipi, slike, besedila, videoposnetki) je za\u0161\u010ditena z avtorskimi pravicami. Prosimo, vpra\u0161ajte nas, preden vsebino tega spletnega mesta raz\u0161irjate, razmno\u017eujete ali uporabljate, na primer ponovno objavljate na drugih spletnih mestih. \u010ce bo potrebno, bomo nezakonito uporabo delov vsebine na\u0161e strani pravno preganjali.  <\/p>\n<p>\u010ce na tem spletnem mestu najdete vsebino, ki kr\u0161i avtorske pravice, vas prosimo, da nas kontaktirate.<\/p>\n<p>Vse slike, logotipi, grafike in besedila so za\u0161\u010diteni z avtorskimi pravicami.<\/p>\n\n\t\t<\/div>\n\t\t\t\t\t<\/div>\n\n\t\n\n<\/div>\n\n\t\t<\/div>\n\n\t\t\n<style>\n#section_1047619688 {\n  padding-top: 30px;\n  padding-bottom: 30px;\n}\n#section_1047619688 .ux-shape-divider--top svg {\n  height: 150px;\n  --divider-top-width: 100%;\n}\n#section_1047619688 .ux-shape-divider--bottom svg {\n  height: 150px;\n  --divider-width: 100%;\n}\n<\/style>\n\t<\/section>\n\t\n\n","protected":false},"excerpt":{"rendered":"","protected":false},"author":1,"featured_media":0,"parent":0,"menu_order":0,"comment_status":"closed","ping_status":"closed","template":"","meta":{"footnotes":""},"yoast_head":"<!-- This site is optimized with the Yoast SEO plugin v22.4 - https:\/\/yoast.com\/wordpress\/plugins\/seo\/ -->\n<title>Impresum - Koller Kanalr\u00e4umung GmbH<\/title>\n<meta name=\"robots\" content=\"index, follow, max-snippet:-1, max-image-preview:large, max-video-preview:-1\" \/>\n<link rel=\"canonical\" href=\"https:\/\/www.rohrambulanz.at\/sl\/impresum\/\" \/>\n<meta property=\"og:locale\" content=\"sl_SI\" \/>\n<meta property=\"og:type\" content=\"article\" \/>\n<meta property=\"og:title\" content=\"Impresum - Koller Kanalr\u00e4umung GmbH\" \/>\n<meta property=\"og:url\" content=\"https:\/\/www.rohrambulanz.at\/sl\/impresum\/\" \/>\n<meta property=\"og:site_name\" content=\"Koller Kanalr\u00e4umung GmbH\" \/>\n<meta property=\"article:modified_time\" content=\"2025-09-11T07:32:11+00:00\" \/>\n<meta name=\"twitter:card\" content=\"summary_large_image\" \/>\n<meta name=\"twitter:label1\" content=\"Est. reading time\" \/>\n\t<meta name=\"twitter:data1\" content=\"3 minute\" \/>\n<script type=\"application\/ld+json\" class=\"yoast-schema-graph\">{\"@context\":\"https:\/\/schema.org\",\"@graph\":[{\"@type\":\"WebPage\",\"@id\":\"https:\/\/www.rohrambulanz.at\/sl\/impresum\/\",\"url\":\"https:\/\/www.rohrambulanz.at\/sl\/impresum\/\",\"name\":\"Impresum - Koller Kanalr\u00e4umung GmbH\",\"isPartOf\":{\"@id\":\"https:\/\/www.rohrambulanz.at\/#website\"},\"datePublished\":\"2021-04-01T06:43:18+00:00\",\"dateModified\":\"2025-09-11T07:32:11+00:00\",\"breadcrumb\":{\"@id\":\"https:\/\/www.rohrambulanz.at\/sl\/impresum\/#breadcrumb\"},\"inLanguage\":\"sl-SI\",\"potentialAction\":[{\"@type\":\"ReadAction\",\"target\":[\"https:\/\/www.rohrambulanz.at\/sl\/impresum\/\"]}]},{\"@type\":\"BreadcrumbList\",\"@id\":\"https:\/\/www.rohrambulanz.at\/sl\/impresum\/#breadcrumb\",\"itemListElement\":[{\"@type\":\"ListItem\",\"position\":1,\"name\":\"Home\",\"item\":\"https:\/\/www.rohrambulanz.at\/sl\/\"},{\"@type\":\"ListItem\",\"position\":2,\"name\":\"Impresum\"}]},{\"@type\":\"WebSite\",\"@id\":\"https:\/\/www.rohrambulanz.at\/#website\",\"url\":\"https:\/\/www.rohrambulanz.at\/\",\"name\":\"Koller\",\"description\":\"\",\"potentialAction\":[{\"@type\":\"SearchAction\",\"target\":{\"@type\":\"EntryPoint\",\"urlTemplate\":\"https:\/\/www.rohrambulanz.at\/?s={search_term_string}\"},\"query-input\":\"required name=search_term_string\"}],\"inLanguage\":\"sl-SI\"}]}<\/script>\n<!-- \/ Yoast SEO plugin. -->","yoast_head_json":{"title":"Impresum - Koller Kanalr\u00e4umung GmbH","robots":{"index":"index","follow":"follow","max-snippet":"max-snippet:-1","max-image-preview":"max-image-preview:large","max-video-preview":"max-video-preview:-1"},"canonical":"https:\/\/www.rohrambulanz.at\/sl\/impresum\/","og_locale":"sl_SI","og_type":"article","og_title":"Impresum - Koller Kanalr\u00e4umung GmbH","og_url":"https:\/\/www.rohrambulanz.at\/sl\/impresum\/","og_site_name":"Koller Kanalr\u00e4umung GmbH","article_modified_time":"2025-09-11T07:32:11+00:00","twitter_card":"summary_large_image","twitter_misc":{"Est. reading time":"3 minute"},"schema":{"@context":"https:\/\/schema.org","@graph":[{"@type":"WebPage","@id":"https:\/\/www.rohrambulanz.at\/sl\/impresum\/","url":"https:\/\/www.rohrambulanz.at\/sl\/impresum\/","name":"Impresum - Koller Kanalr\u00e4umung GmbH","isPartOf":{"@id":"https:\/\/www.rohrambulanz.at\/#website"},"datePublished":"2021-04-01T06:43:18+00:00","dateModified":"2025-09-11T07:32:11+00:00","breadcrumb":{"@id":"https:\/\/www.rohrambulanz.at\/sl\/impresum\/#breadcrumb"},"inLanguage":"sl-SI","potentialAction":[{"@type":"ReadAction","target":["https:\/\/www.rohrambulanz.at\/sl\/impresum\/"]}]},{"@type":"BreadcrumbList","@id":"https:\/\/www.rohrambulanz.at\/sl\/impresum\/#breadcrumb","itemListElement":[{"@type":"ListItem","position":1,"name":"Home","item":"https:\/\/www.rohrambulanz.at\/sl\/"},{"@type":"ListItem","position":2,"name":"Impresum"}]},{"@type":"WebSite","@id":"https:\/\/www.rohrambulanz.at\/#website","url":"https:\/\/www.rohrambulanz.at\/","name":"Koller","description":"","potentialAction":[{"@type":"SearchAction","target":{"@type":"EntryPoint","urlTemplate":"https:\/\/www.rohrambulanz.at\/?s={search_term_string}"},"query-input":"required name=search_term_string"}],"inLanguage":"sl-SI"}]}},"_links":{"self":[{"href":"https:\/\/www.rohrambulanz.at\/sl\/wp-json\/wp\/v2\/pages\/2523"}],"collection":[{"href":"https:\/\/www.rohrambulanz.at\/sl\/wp-json\/wp\/v2\/pages"}],"about":[{"href":"https:\/\/www.rohrambulanz.at\/sl\/wp-json\/wp\/v2\/types\/page"}],"author":[{"embeddable":true,"href":"https:\/\/www.rohrambulanz.at\/sl\/wp-json\/wp\/v2\/users\/1"}],"replies":[{"embeddable":true,"href":"https:\/\/www.rohrambulanz.at\/sl\/wp-json\/wp\/v2\/comments?post=2523"}],"version-history":[{"count":1,"href":"https:\/\/www.rohrambulanz.at\/sl\/wp-json\/wp\/v2\/pages\/2523\/revisions"}],"predecessor-version":[{"id":2524,"href":"https:\/\/www.rohrambulanz.at\/sl\/wp-json\/wp\/v2\/pages\/2523\/revisions\/2524"}],"wp:attachment":[{"href":"https:\/\/www.rohrambulanz.at\/sl\/wp-json\/wp\/v2\/media?parent=2523"}],"curies":[{"name":"wp","href":"https:\/\/api.w.org\/{rel}","templated":true}]}}